{"id":3532,"date":"2025-09-13T13:50:34","date_gmt":"2025-09-13T16:50:34","guid":{"rendered":"https:\/\/viradasustentavel.org.br\/sao-paulo\/?page_id=3532"},"modified":"2025-09-13T14:05:14","modified_gmt":"2025-09-13T17:05:14","slug":"musica","status":"publish","type":"page","link":"https:\/\/viradasustentavel.org.br\/sao-paulo\/programacao\/musica\/","title":{"rendered":"M\u00fasica"},"content":{"rendered":"\t\t<div data-elementor-type=\"wp-page\" data-elementor-id=\"3532\" class=\"elementor elementor-3532\" data-elementor-post-type=\"page\">\n\t\t\t\t<div class=\"elementor-element elementor-element-c482b5c e-flex e-con-boxed e-con e-parent\" data-id=\"c482b5c\" data-element_type=\"container\" data-e-type=\"container\" data-settings=\"{&quot;background_background&quot;:&quot;classic&quot;}\">\n\t\t\t\t\t<div class=\"e-con-inner\">\n\t\t<div class=\"elementor-element elementor-element-c80ab74 e-con-full e-flex e-con e-child\" data-id=\"c80ab74\" data-element_type=\"container\" data-e-type=\"container\">\n\t\t<div class=\"elementor-element elementor-element-4b79a5f e-con-full e-flex e-con e-child\" data-id=\"4b79a5f\" data-element_type=\"container\" data-e-type=\"container\">\n\t\t\t\t<div class=\"elementor-element elementor-element-ad2ebf4 elementor-widget elementor-widget-image\" data-id=\"ad2ebf4\" data-element_type=\"widget\" data-e-type=\"widget\" data-widget_type=\"image.default\">\n\t\t\t\t<div class=\"elementor-widget-container\">\n\t\t\t\t\t\t\t\t\t\t\t\t\t\t\t<img fetchpriority=\"high\" decoding=\"async\" width=\"1001\" height=\"657\" src=\"https:\/\/viradasustentavel.org.br\/sao-paulo\/wp-content\/uploads\/sites\/6\/2025\/09\/topo-virada-2025-sp.jpg\" class=\"attachment-full size-full wp-image-153\" alt=\"\" srcset=\"https:\/\/viradasustentavel.org.br\/sao-paulo\/wp-content\/uploads\/sites\/6\/2025\/09\/topo-virada-2025-sp.jpg 1001w, https:\/\/viradasustentavel.org.br\/sao-paulo\/wp-content\/uploads\/sites\/6\/2025\/09\/topo-virada-2025-sp-300x197.jpg 300w, https:\/\/viradasustentavel.org.br\/sao-paulo\/wp-content\/uploads\/sites\/6\/2025\/09\/topo-virada-2025-sp-768x504.jpg 768w\" sizes=\"(max-width: 1001px) 100vw, 1001px\" \/>\t\t\t\t\t\t\t\t\t\t\t\t\t\t\t<\/div>\n\t\t\t\t<\/div>\n\t\t\t\t<\/div>\n\t\t<div class=\"elementor-element elementor-element-0f1789a e-con-full elementor-hidden-tablet elementor-hidden-mobile e-flex e-con e-child\" data-id=\"0f1789a\" data-element_type=\"container\" data-e-type=\"container\" data-settings=\"{&quot;background_background&quot;:&quot;classic&quot;}\">\n\t\t\t\t<div class=\"elementor-element elementor-element-1ec64bf elementor-cta--valign-middle e-transform elementor-cta--skin-classic elementor-animated-content elementor-bg-transform elementor-bg-transform-zoom-in elementor-widget elementor-widget-call-to-action\" data-id=\"1ec64bf\" data-element_type=\"widget\" data-e-type=\"widget\" data-settings=\"{&quot;_transform_translateY_effect_hover&quot;:{&quot;unit&quot;:&quot;px&quot;,&quot;size&quot;:&quot;-5&quot;,&quot;sizes&quot;:[]},&quot;_transform_translateX_effect_hover&quot;:{&quot;unit&quot;:&quot;px&quot;,&quot;size&quot;:&quot;&quot;,&quot;sizes&quot;:[]},&quot;_transform_translateX_effect_hover_tablet&quot;:{&quot;unit&quot;:&quot;px&quot;,&quot;size&quot;:&quot;&quot;,&quot;sizes&quot;:[]},&quot;_transform_translateX_effect_hover_mobile&quot;:{&quot;unit&quot;:&quot;px&quot;,&quot;size&quot;:&quot;&quot;,&quot;sizes&quot;:[]},&quot;_transform_translateY_effect_hover_tablet&quot;:{&quot;unit&quot;:&quot;px&quot;,&quot;size&quot;:&quot;&quot;,&quot;sizes&quot;:[]},&quot;_transform_translateY_effect_hover_mobile&quot;:{&quot;unit&quot;:&quot;px&quot;,&quot;size&quot;:&quot;&quot;,&quot;sizes&quot;:[]}}\" data-widget_type=\"call-to-action.default\">\n\t\t\t\t<div class=\"elementor-widget-container\">\n\t\t\t\t\t\t\t<a class=\"elementor-cta\" href=\"https:\/\/viradasustentavel.org.br\/sao-paulo\/programacao\/musica\/\">\n\t\t\t\t\t\t\t<div class=\"elementor-cta__content\">\n\t\t\t\t\t\t\t\t\t<div class=\"elementor-content-item elementor-cta__content-item elementor-icon-wrapper elementor-cta__icon elementor-view-framed elementor-shape-circle\">\n\t\t\t\t\t\t<div class=\"elementor-icon\">\n\t\t\t\t\t\t\t<svg xmlns=\"http:\/\/www.w3.org\/2000\/svg\" width=\"16\" height=\"16\" viewBox=\"0 0 24 24\" fill=\"none\" stroke=\"currentColor\" stroke-width=\"0.75\" stroke-linecap=\"round\" stroke-linejoin=\"round\" class=\"lucide lucide-music-icon lucide-music\"><path d=\"M9 18V5l12-2v13\"><\/path><circle cx=\"6\" cy=\"18\" r=\"3\"><\/circle><circle cx=\"18\" cy=\"16\" r=\"3\"><\/circle><\/svg>\t\t\t\t\t\t<\/div>\n\t\t\t\t\t<\/div>\n\t\t\t\t\n\t\t\t\t\t\t\t\t\t<h2 class=\"elementor-cta__title elementor-cta__content-item elementor-content-item\">\n\t\t\t\t\t\tM\u00fasica\t\t\t\t\t<\/h2>\n\t\t\t\t\n\t\t\t\t\n\t\t\t\t\t\t\t<\/div>\n\t\t\t\t\t\t<\/a>\n\t\t\t\t\t\t<\/div>\n\t\t\t\t<\/div>\n\t\t\t\t<\/div>\n\t\t\t\t<\/div>\n\t\t\t\t\t<\/div>\n\t\t\t\t<\/div>\n\t\t<div class=\"elementor-element elementor-element-8c32d1b e-flex e-con-boxed e-con e-parent\" data-id=\"8c32d1b\" data-element_type=\"container\" data-e-type=\"container\" data-settings=\"{&quot;background_background&quot;:&quot;classic&quot;,&quot;shape_divider_bottom&quot;:&quot;tilt&quot;}\">\n\t\t\t\t\t<div class=\"e-con-inner\">\n\t\t\t\t<div class=\"elementor-shape elementor-shape-bottom\" aria-hidden=\"true\" data-negative=\"false\">\n\t\t\t<svg xmlns=\"http:\/\/www.w3.org\/2000\/svg\" viewBox=\"0 0 1000 100\" preserveAspectRatio=\"none\">\n\t<path class=\"elementor-shape-fill\" d=\"M0,6V0h1000v100L0,6z\"\/>\n<\/svg>\t\t<\/div>\n\t\t<div class=\"elementor-element elementor-element-a0aa660 e-con-full e-flex e-con e-child\" data-id=\"a0aa660\" data-element_type=\"container\" data-e-type=\"container\">\n\t\t<div class=\"elementor-element elementor-element-c6c0bfd e-con-full e-flex e-con e-child\" data-id=\"c6c0bfd\" data-element_type=\"container\" data-e-type=\"container\">\n\t\t<div class=\"elementor-element elementor-element-5e59a07 e-con-full e-flex e-con e-child\" data-id=\"5e59a07\" data-element_type=\"container\" data-e-type=\"container\">\n\t\t\t\t<div class=\"elementor-element elementor-element-cfab8ca elementor-widget elementor-widget-button\" data-id=\"cfab8ca\" data-element_type=\"widget\" data-e-type=\"widget\" data-widget_type=\"button.default\">\n\t\t\t\t<div class=\"elementor-widget-container\">\n\t\t\t\t\t\t\t\t\t<div class=\"elementor-button-wrapper\">\n\t\t\t\t\t<a class=\"elementor-button elementor-button-link elementor-size-sm\" href=\"https:\/\/viradasustentavel.org.br\/sao-paulo\/\">\n\t\t\t\t\t\t<span class=\"elementor-button-content-wrapper\">\n\t\t\t\t\t\t<span class=\"elementor-button-icon\">\n\t\t\t\t<svg xmlns=\"http:\/\/www.w3.org\/2000\/svg\" width=\"24\" height=\"24\" viewBox=\"0 0 24 24\" fill=\"none\" stroke=\"currentColor\" stroke-width=\"0.75\" stroke-linecap=\"round\" stroke-linejoin=\"round\" class=\"lucide lucide-arrow-up-left-icon lucide-arrow-up-left\"><path d=\"M7 17V7h10\"><\/path><path d=\"M17 17 7 7\"><\/path><\/svg>\t\t\t<\/span>\n\t\t\t\t\t\t\t\t\t<span class=\"elementor-button-text\">voltar para programa\u00e7\u00e3o<\/span>\n\t\t\t\t\t<\/span>\n\t\t\t\t\t<\/a>\n\t\t\t\t<\/div>\n\t\t\t\t\t\t\t\t<\/div>\n\t\t\t\t<\/div>\n\t\t\t\t<\/div>\n\t\t\t\t<\/div>\n\t\t<div class=\"elementor-element elementor-element-35b5c54 e-con-full e-flex e-con e-child\" data-id=\"35b5c54\" data-element_type=\"container\" data-e-type=\"container\">\n\t\t<div class=\"elementor-element elementor-element-498bcb6 e-con-full e-flex e-con e-child\" data-id=\"498bcb6\" data-element_type=\"container\" data-e-type=\"container\">\n\t\t\t\t<div class=\"elementor-element elementor-element-ef191f2 elementor-widget elementor-widget-heading\" data-id=\"ef191f2\" data-element_type=\"widget\" data-e-type=\"widget\" data-widget_type=\"heading.default\">\n\t\t\t\t<div class=\"elementor-widget-container\">\n\t\t\t\t\t<h2 class=\"elementor-heading-title elementor-size-default\">Destaques em M\u00fasica<\/h2>\t\t\t\t<\/div>\n\t\t\t\t<\/div>\n\t\t\t\t<\/div>\n\t\t<div class=\"elementor-element elementor-element-f29ab8a e-con-full e-flex e-con e-child\" data-id=\"f29ab8a\" data-element_type=\"container\" data-e-type=\"container\">\n\t\t\t\t<div class=\"elementor-element elementor-element-04a2723 elementor-widget elementor-widget-button\" data-id=\"04a2723\" data-element_type=\"widget\" data-e-type=\"widget\" data-widget_type=\"button.default\">\n\t\t\t\t<div class=\"elementor-widget-container\">\n\t\t\t\t\t\t\t\t\t<div class=\"elementor-button-wrapper\">\n\t\t\t\t\t<a class=\"elementor-button elementor-button-link elementor-size-sm\" href=\"#programacao\">\n\t\t\t\t\t\t<span class=\"elementor-button-content-wrapper\">\n\t\t\t\t\t\t\t\t\t<span class=\"elementor-button-text\">ver toda programa\u00e7\u00e3o<\/span>\n\t\t\t\t\t<\/span>\n\t\t\t\t\t<\/a>\n\t\t\t\t<\/div>\n\t\t\t\t\t\t\t\t<\/div>\n\t\t\t\t<\/div>\n\t\t\t\t<\/div>\n\t\t\t\t<\/div>\n\t\t<div class=\"elementor-element elementor-element-9fb07ad e-con-full e-flex e-con e-child\" data-id=\"9fb07ad\" data-element_type=\"container\" data-e-type=\"container\">\n\t\t\t\t<\/div>\n\t\t\t\t<\/div>\n\t\t\t\t\t<\/div>\n\t\t\t\t<\/div>\n\t\t<div class=\"elementor-element elementor-element-657cd21 e-con-full e-flex e-con e-parent\" data-id=\"657cd21\" data-element_type=\"container\" data-e-type=\"container\" id=\"programacao\" data-settings=\"{&quot;background_background&quot;:&quot;classic&quot;}\">\n\t\t<div class=\"elementor-element elementor-element-c96713f e-con-full e-flex e-con e-child\" data-id=\"c96713f\" data-element_type=\"container\" data-e-type=\"container\">\n\t\t\t\t<div class=\"elementor-element elementor-element-a322161 elementor-widget__width-auto elementor-widget elementor-widget-heading\" data-id=\"a322161\" data-element_type=\"widget\" data-e-type=\"widget\" data-widget_type=\"heading.default\">\n\t\t\t\t<div class=\"elementor-widget-container\">\n\t\t\t\t\t<h2 class=\"elementor-heading-title elementor-size-default\">programa\u00e7\u00e3o em M\u00fasica<\/h2>\t\t\t\t<\/div>\n\t\t\t\t<\/div>\n\t\t\t\t<div class=\"elementor-element elementor-element-2b302e8 elementor-widget__width-auto elementor-widget elementor-widget-heading\" data-id=\"2b302e8\" data-element_type=\"widget\" data-e-type=\"widget\" data-widget_type=\"heading.default\">\n\t\t\t\t<div class=\"elementor-widget-container\">\n\t\t\t\t\t<h2 class=\"elementor-heading-title elementor-size-default\">navegue nos eventos do dia<\/h2>\t\t\t\t<\/div>\n\t\t\t\t<\/div>\n\t\t\t\t<\/div>\n\t\t<div class=\"elementor-element elementor-element-121f813 e-con-full e-flex e-con e-child\" data-id=\"121f813\" data-element_type=\"container\" data-e-type=\"container\">\n\t\t<div class=\"elementor-element elementor-element-ecc629a e-con-full e-flex e-con e-child\" data-id=\"ecc629a\" data-element_type=\"container\" data-e-type=\"container\">\n\t\t\t\t<\/div>\n\t\t\t\t<\/div>\n\t\t\t\t<\/div>\n\t\t<div class=\"elementor-element elementor-element-3b86f3e e-con-full e-flex e-con e-parent\" data-id=\"3b86f3e\" data-element_type=\"container\" data-e-type=\"container\" data-settings=\"{&quot;background_background&quot;:&quot;classic&quot;,&quot;shape_divider_top&quot;:&quot;tilt&quot;}\">\n\t\t\t\t<div class=\"elementor-shape elementor-shape-top\" aria-hidden=\"true\" data-negative=\"false\">\n\t\t\t<svg xmlns=\"http:\/\/www.w3.org\/2000\/svg\" viewBox=\"0 0 1000 100\" preserveAspectRatio=\"none\">\n\t<path class=\"elementor-shape-fill\" d=\"M0,6V0h1000v100L0,6z\"\/>\n<\/svg>\t\t<\/div>\n\t\t<div class=\"elementor-element elementor-element-0064f01 e-con-full e-flex e-con e-child\" data-id=\"0064f01\" data-element_type=\"container\" data-e-type=\"container\">\n\t\t\t\t<div class=\"elementor-element elementor-element-6db56ca elementor-widget__width-auto elementor-widget elementor-widget-heading\" data-id=\"6db56ca\" data-element_type=\"widget\" data-e-type=\"widget\" data-widget_type=\"heading.default\">\n\t\t\t\t<div class=\"elementor-widget-container\">\n\t\t\t\t\t<h2 class=\"elementor-heading-title elementor-size-default\">Toda programa\u00e7\u00e3o em M\u00fasica<\/h2>\t\t\t\t<\/div>\n\t\t\t\t<\/div>\n\t\t\t\t<div class=\"elementor-element elementor-element-7274583 elementor-widget__width-auto elementor-widget elementor-widget-heading\" data-id=\"7274583\" data-element_type=\"widget\" data-e-type=\"widget\" data-widget_type=\"heading.default\">\n\t\t\t\t<div class=\"elementor-widget-container\">\n\t\t\t\t\t<h2 class=\"elementor-heading-title elementor-size-default\">navegue nos eventos do dia<\/h2>\t\t\t\t<\/div>\n\t\t\t\t<\/div>\n\t\t\t\t<\/div>\n\t\t<div class=\"elementor-element elementor-element-b917eb4 e-con-full e-flex e-con e-child\" data-id=\"b917eb4\" data-element_type=\"container\" data-e-type=\"container\">\n\t\t<div class=\"elementor-element elementor-element-88fa328 e-con-full e-flex e-con e-child\" data-id=\"88fa328\" data-element_type=\"container\" data-e-type=\"container\">\n\t\t\t\t<\/div>\n\t\t\t\t<\/div>\n\t\t\t\t<\/div>\n\t\t\t\t<\/div>\n\t\t","protected":false},"excerpt":{"rendered":"<p>M\u00fasica voltar para programa\u00e7\u00e3o Destaques em M\u00fasica ver toda programa\u00e7\u00e3o 3 eventos found. Hoje Agora Agora Select date. set 17 10:00 &#8211; 10:15 Ian Wapichana set 17 18:00 &#8211; 20:00 [&hellip;]<\/p>\n","protected":false},"author":2,"featured_media":0,"parent":321,"menu_order":0,"comment_status":"closed","ping_status":"closed","template":"","meta":{"footnotes":""},"class_list":["post-3532","page","type-page","status-publish","hentry"],"_links":{"self":[{"href":"https:\/\/viradasustentavel.org.br\/sao-paulo\/wp-json\/wp\/v2\/pages\/3532","targetHints":{"allow":["GET"]}}],"collection":[{"href":"https:\/\/viradasustentavel.org.br\/sao-paulo\/wp-json\/wp\/v2\/pages"}],"about":[{"href":"https:\/\/viradasustentavel.org.br\/sao-paulo\/wp-json\/wp\/v2\/types\/page"}],"author":[{"embeddable":true,"href":"https:\/\/viradasustentavel.org.br\/sao-paulo\/wp-json\/wp\/v2\/users\/2"}],"replies":[{"embeddable":true,"href":"https:\/\/viradasustentavel.org.br\/sao-paulo\/wp-json\/wp\/v2\/comments?post=3532"}],"version-history":[{"count":40,"href":"https:\/\/viradasustentavel.org.br\/sao-paulo\/wp-json\/wp\/v2\/pages\/3532\/revisions"}],"predecessor-version":[{"id":3599,"href":"https:\/\/viradasustentavel.org.br\/sao-paulo\/wp-json\/wp\/v2\/pages\/3532\/revisions\/3599"}],"up":[{"embeddable":true,"href":"https:\/\/viradasustentavel.org.br\/sao-paulo\/wp-json\/wp\/v2\/pages\/321"}],"wp:attachment":[{"href":"https:\/\/viradasustentavel.org.br\/sao-paulo\/wp-json\/wp\/v2\/media?parent=3532"}],"curies":[{"name":"wp","href":"https:\/\/api.w.org\/{rel}","templated":true}]}}